{"id":1102,"date":"2025-04-24T10:03:17","date_gmt":"2025-04-24T10:03:17","guid":{"rendered":"https:\/\/soccloud.io\/?page_id=1102"},"modified":"2025-08-11T11:13:42","modified_gmt":"2025-08-11T11:13:42","slug":"dziekujemy-2","status":"publish","type":"page","link":"https:\/\/soccloud.io\/en\/dziekujemy-2\/","title":{"rendered":"Dzi\u0119kujemy!"},"content":{"rendered":"<div data-elementor-type=\"wp-page\" data-elementor-id=\"1102\" class=\"elementor elementor-1102\" data-elementor-post-type=\"page\">\n\t\t\t\t<div class=\"elementor-element elementor-element-423da29c e-flex e-con-boxed e-con e-parent\" data-id=\"423da29c\" data-element_type=\"container\" data-e-type=\"container\">\n\t\t\t\t\t<div class=\"e-con-inner\">\n\t\t\t\t<div class=\"elementor-element elementor-element-1a1d81a elementor-widget elementor-widget-heading\" data-id=\"1a1d81a\" data-element_type=\"widget\" data-e-type=\"widget\" data-widget_type=\"heading.default\">\n\t\t\t\t<div class=\"elementor-widget-container\">\n\t\t\t\t\t<h2 class=\"elementor-heading-title elementor-size-default\">Dzi\u0119kujemy<\/h2>\t\t\t\t<\/div>\n\t\t\t\t<\/div>\n\t\t\t\t<div class=\"elementor-element elementor-element-7dd0e7e7 elementor-widget elementor-widget-text-editor\" data-id=\"7dd0e7e7\" data-element_type=\"widget\" data-e-type=\"widget\" data-widget_type=\"text-editor.default\">\n\t\t\t\t<div class=\"elementor-widget-container\">\n\t\t\t\t\t\t\t\t\t<h2><span class=\"selected\">Dzi\u0119kujemy za Rejestracj\u0119!<\/span><\/h2><p><span class=\"selected\">Twoje zg\u0142oszenie na darmowe warsztaty<\/span><span class=\"selected\">\u00a0zosta\u0142o pomy\u015blnie zarejestrowane. Cieszymy si\u0119, \u017ce do\u0142\u0105czysz do nas!<\/span><\/p><p><strong><span class=\"selected\">Co dalej?<\/span><\/strong><\/p><p>Kilka dni przed terminem warsztat\u00f3w wy\u015blemy na Tw\u00f3j adres e-mail <strong>wiadomo\u015b\u0107 z potwierdzeniem udzia\u0142u oraz linkiem dost\u0119powym<\/strong>.<\/p><p><span class=\"selected\">Je\u017celi e-mail z potwierdzeniem i linkiem nie dotrze, skontaktuj si\u0119 z nami pod adresem: <\/span><strong><span class=\"selected\">soccloud@allnetgroup.pl<\/span><\/strong><span class=\"selected\"> &#8211; pomo\u017cemy!<\/span><\/p><p><span class=\"selected\">Do zobaczenia na webinarze!<\/span><\/p><p><strong><span class=\"selected\">Zesp\u00f3\u0142 SocCloud.io<\/span><\/strong><\/p>\t\t\t\t\t\t\t\t<\/div>\n\t\t\t\t<\/div>\n\t\t\t\t\t<\/div>\n\t\t\t\t<\/div>\n\t\t\t\t<\/div>","protected":false},"excerpt":{"rendered":"<p>Dzi\u0119kujemy Dzi\u0119kujemy za Rejestracj\u0119! Twoje zg\u0142oszenie na darmowe warsztaty\u00a0zosta\u0142o pomy\u015blnie zarejestrowane. Cieszymy si\u0119, \u017ce do\u0142\u0105czysz do nas! Co dalej? Kilka dni przed terminem warsztat\u00f3w wy\u015blemy na Tw\u00f3j adres e-mail wiadomo\u015b\u0107 z potwierdzeniem udzia\u0142u oraz linkiem dost\u0119powym. Je\u017celi e-mail z potwierdzeniem i linkiem nie dotrze, skontaktuj si\u0119 z nami pod adresem: soccloud@allnetgroup.pl &#8211; pomo\u017cemy! Do zobaczenia [&hellip;]<\/p>\n","protected":false},"author":1,"featured_media":0,"parent":0,"menu_order":5,"comment_status":"closed","ping_status":"closed","template":"elementor_theme","meta":{"_acf_changed":false,"content-type":"","footnotes":""},"class_list":["post-1102","page","type-page","status-publish","hentry"],"acf":[],"_links":{"self":[{"href":"https:\/\/soccloud.io\/en\/wp-json\/wp\/v2\/pages\/1102","targetHints":{"allow":["GET"]}}],"collection":[{"href":"https:\/\/soccloud.io\/en\/wp-json\/wp\/v2\/pages"}],"about":[{"href":"https:\/\/soccloud.io\/en\/wp-json\/wp\/v2\/types\/page"}],"author":[{"embeddable":true,"href":"https:\/\/soccloud.io\/en\/wp-json\/wp\/v2\/users\/1"}],"replies":[{"embeddable":true,"href":"https:\/\/soccloud.io\/en\/wp-json\/wp\/v2\/comments?post=1102"}],"version-history":[{"count":10,"href":"https:\/\/soccloud.io\/en\/wp-json\/wp\/v2\/pages\/1102\/revisions"}],"predecessor-version":[{"id":1426,"href":"https:\/\/soccloud.io\/en\/wp-json\/wp\/v2\/pages\/1102\/revisions\/1426"}],"wp:attachment":[{"href":"https:\/\/soccloud.io\/en\/wp-json\/wp\/v2\/media?parent=1102"}],"curies":[{"name":"wp","href":"https:\/\/api.w.org\/{rel}","templated":true}]}}