{"id":135,"date":"2024-02-21T11:45:27","date_gmt":"2024-02-21T11:45:27","guid":{"rendered":"https:\/\/soccloud.io\/?page_id=135"},"modified":"2024-09-10T10:44:46","modified_gmt":"2024-09-10T10:44:46","slug":"prezentacja","status":"publish","type":"page","link":"https:\/\/soccloud.io\/en\/prezentacja\/","title":{"rendered":"Prezentacja"},"content":{"rendered":"<div data-elementor-type=\"wp-page\" data-elementor-id=\"135\" class=\"elementor elementor-135\" data-elementor-post-type=\"page\">\n\t\t\t\t\t\t<section class=\"elementor-section elementor-top-section elementor-element elementor-element-28f6a8cf elementor-section-boxed elementor-section-height-default elementor-section-height-default\" data-id=\"28f6a8cf\" data-element_type=\"section\" data-e-type=\"section\" data-settings=\"{&quot;background_background&quot;:&quot;classic&quot;}\">\n\t\t\t\t\t\t\t<div class=\"elementor-background-overlay\"><\/div>\n\t\t\t\t\t\t\t<div class=\"elementor-container elementor-column-gap-default\">\n\t\t\t\t\t<div class=\"elementor-column elementor-col-100 elementor-top-column elementor-element elementor-element-7076118d\" data-id=\"7076118d\" data-element_type=\"column\" data-e-type=\"column\">\n\t\t\t<div class=\"elementor-widget-wrap elementor-element-populated\">\n\t\t\t\t\t\t<div class=\"elementor-element elementor-element-57d3677d elementor-widget elementor-widget-heading\" data-id=\"57d3677d\" data-element_type=\"widget\" data-e-type=\"widget\" data-widget_type=\"heading.default\">\n\t\t\t\t<div class=\"elementor-widget-container\">\n\t\t\t\t\t<h3 class=\"elementor-heading-title elementor-size-default\">Dzi\u0119kujemy za zainteresowanie. Skontaktujemy si\u0119 <\/h3>\t\t\t\t<\/div>\n\t\t\t\t<\/div>\n\t\t\t\t<div class=\"elementor-element elementor-element-74a00157 elementor-widget elementor-widget-heading\" data-id=\"74a00157\" data-element_type=\"widget\" data-e-type=\"widget\" data-widget_type=\"heading.default\">\n\t\t\t\t<div class=\"elementor-widget-container\">\n\t\t\t\t\t<span class=\"elementor-heading-title elementor-size-default\">Nasza prezentacja SOCcloud dost\u0119pna do pobrania ze strony oferuje dog\u0142\u0119bny wgl\u0105d w funkcjonowanie i korzy\u015bci p\u0142yn\u0105ce z naszego Centrum Operacji Bezpiecze\u0144stwa w chmurze. Zapewnia szczeg\u00f3\u0142owe informacje o naszych zaawansowanych rozwi\u0105zaniach w zakresie cyberbezpiecze\u0144stwa, demonstruj\u0105c, jak SOCcloud mo\u017ce chroni\u0107 infrastruktur\u0119 IT przed najnowocze\u015bniejszymi zagro\u017ceniami cyfrowymi.<\/span>\t\t\t\t<\/div>\n\t\t\t\t<\/div>\n\t\t\t\t<div class=\"elementor-element elementor-element-403a4541 elementor-align-center elementor-widget elementor-widget-button\" data-id=\"403a4541\" data-element_type=\"widget\" data-e-type=\"widget\" data-widget_type=\"button.default\">\n\t\t\t\t<div class=\"elementor-widget-container\">\n\t\t\t\t\t\t\t\t\t<div class=\"elementor-button-wrapper\">\n\t\t\t\t\t<a class=\"elementor-button elementor-button-link elementor-size-md\" href=\"https:\/\/soccloud.io\/wp-content\/uploads\/2024\/02\/PREZENTACJA-SOCCLOUD.pdf\">\n\t\t\t\t\t\t<span class=\"elementor-button-content-wrapper\">\n\t\t\t\t\t\t\t\t\t<span class=\"elementor-button-text\">Pobierz prezentacj\u0119<\/span>\n\t\t\t\t\t<\/span>\n\t\t\t\t\t<\/a>\n\t\t\t\t<\/div>\n\t\t\t\t\t\t\t\t<\/div>\n\t\t\t\t<\/div>\n\t\t\t\t\t<\/div>\n\t\t<\/div>\n\t\t\t\t\t<\/div>\n\t\t<\/section>\n\t\t\t\t<\/div>","protected":false},"excerpt":{"rendered":"<p>Dzi\u0119kujemy za zainteresowanie. Skontaktujemy si\u0119 Nasza prezentacja SOCcloud dost\u0119pna do pobrania ze strony oferuje dog\u0142\u0119bny wgl\u0105d w funkcjonowanie i korzy\u015bci p\u0142yn\u0105ce z naszego Centrum Operacji Bezpiecze\u0144stwa w chmurze. Zapewnia szczeg\u00f3\u0142owe informacje o naszych zaawansowanych rozwi\u0105zaniach w zakresie cyberbezpiecze\u0144stwa, demonstruj\u0105c, jak SOCcloud mo\u017ce chroni\u0107 infrastruktur\u0119 IT przed najnowocze\u015bniejszymi zagro\u017ceniami cyfrowymi. Pobierz prezentacj\u0119<\/p>","protected":false},"author":1,"featured_media":0,"parent":0,"menu_order":9,"comment_status":"closed","ping_status":"closed","template":"elementor_canvas","meta":{"_acf_changed":false,"content-type":"","footnotes":""},"class_list":["post-135","page","type-page","status-publish","hentry"],"acf":[],"_links":{"self":[{"href":"https:\/\/soccloud.io\/en\/wp-json\/wp\/v2\/pages\/135","targetHints":{"allow":["GET"]}}],"collection":[{"href":"https:\/\/soccloud.io\/en\/wp-json\/wp\/v2\/pages"}],"about":[{"href":"https:\/\/soccloud.io\/en\/wp-json\/wp\/v2\/types\/page"}],"author":[{"embeddable":true,"href":"https:\/\/soccloud.io\/en\/wp-json\/wp\/v2\/users\/1"}],"replies":[{"embeddable":true,"href":"https:\/\/soccloud.io\/en\/wp-json\/wp\/v2\/comments?post=135"}],"version-history":[{"count":16,"href":"https:\/\/soccloud.io\/en\/wp-json\/wp\/v2\/pages\/135\/revisions"}],"predecessor-version":[{"id":156,"href":"https:\/\/soccloud.io\/en\/wp-json\/wp\/v2\/pages\/135\/revisions\/156"}],"wp:attachment":[{"href":"https:\/\/soccloud.io\/en\/wp-json\/wp\/v2\/media?parent=135"}],"curies":[{"name":"wp","href":"https:\/\/api.w.org\/{rel}","templated":true}]}}