{"id":354,"date":"2024-09-09T09:29:48","date_gmt":"2024-09-09T09:29:48","guid":{"rendered":"https:\/\/soccloud.io\/?page_id=354"},"modified":"2024-09-09T09:29:50","modified_gmt":"2024-09-09T09:29:50","slug":"polityka-prywatnosci","status":"publish","type":"page","link":"https:\/\/soccloud.io\/en\/polityka-prywatnosci\/","title":{"rendered":"Polityka prywatno\u015bci"},"content":{"rendered":"<p>Dla AllnetGroup<\/p>\n\n\n\n<p>Niniejszy Regulamin okre\u015bla zasady korzystania z serwisu internetowego AllnetGroup.pl oraz okre\u015bla polityk\u0119 zabezpieczaj\u0105c\u0105 prawa Klient\u00f3w Serwisu dotycz\u0105ce zbierania i przechowywania danych.<\/p>\n\n\n\n<ul class=\"wp-block-list\">\n<li>1. Zasady og\u00f3lne i definicje<\/li>\n\n\n\n<li>Serwis internetowy&nbsp;<strong>pl<\/strong>&nbsp;jest prowadzony przez firm\u0119 ALLNET SP\u00d3\u0141KA Z OGRANICZON\u0104 ODPOWIEDZIALNO\u015aCI\u0104, wpisan\u0105 do rejestru przedsi\u0119biorc\u00f3w KRS pod nr 0000079544, nr&nbsp;NIP 5342179022, nr&nbsp;REGON 017426711, z siedzib\u0105 w Mi\u0119dzyrzec Podlaski, ul Listopadowa 4, zwan\u0105 dalej&nbsp;<strong>Administratorem<\/strong>&nbsp;lub&nbsp;<strong>Sprzedawc\u0105<\/strong>.<\/li>\n\n\n\n<li><strong>Klient<\/strong>&nbsp;\u2013 ka\u017cdy podmiot dokonuj\u0105cy zakup\u00f3w za po\u015brednictwem Sklepu, czyli osoba fizyczna, osoba prawna i jednostka organizacyjna nieb\u0119d\u0105ca osob\u0105 prawn\u0105, kt\u00f3rej odr\u0119bna ustawa przyznaje zdolno\u015b\u0107 prawn\u0105, wykonuj\u0105ca we w\u0142asnym imieniu dzia\u0142alno\u015b\u0107 gospodarcz\u0105, kt\u00f3ra korzysta ze Sklepu.<\/li>\n\n\n\n<li><strong>Serwis<\/strong>&nbsp;\u2013 zestaw stron internetowych w domenie AllnetGroup.pl<\/li>\n\n\n\n<li><strong>Sklep<\/strong>&nbsp;\u2013 sklep internetowy prowadzony przez Sprzedawc\u0119 pod adresem internetowym&nbsp;<a href=\"https:\/\/allnetgroup.pl\/\">AllnetGroup.pl<\/a>&nbsp;za po\u015brednictwem, kt\u00f3rego Klient dokonuje zakupu Produktu.<\/li>\n\n\n\n<li><strong>Produkt<\/strong>&nbsp;\u2013 dost\u0119pna w Sklepie rzecz ruchoma(fizyczna) lub elektroniczna (cyfrowa) lub us\u0142uga (szkolenie) b\u0119d\u0105ca przedmiotem Umowy Sprzeda\u017cy mi\u0119dzy Klientem a Sprzedawc\u0105.<\/li>\n\n\n\n<li><strong>Umowa Sprzeda\u017cy<\/strong>&nbsp;\u2013 umowa sprzeda\u017cy Produktu zawierana albo zawarta mi\u0119dzy Klientem a Sprzedawc\u0105 za po\u015brednictwem Sklepu internetowego.<\/li>\n\n\n\n<li><strong>Zam\u00f3wienie<\/strong>&nbsp;\u2013 o\u015bwiadczenie woli Klienta sk\u0142adane za pomoc\u0105 Formularza Zam\u00f3wienia i zmierzaj\u0105ce bezpo\u015brednio do zawarcia Umowy Sprzeda\u017cy Produktu lub Produkt\u00f3w ze Sprzedawc\u0105.<\/li>\n\n\n\n<li><strong>Konto<\/strong>&nbsp;\u2013 konto klienta w Sklepie, s\u0105 w nim gromadzone s\u0105 dane podane przez Klienta oraz informacje o z\u0142o\u017conych przez niego Zam\u00f3wieniach w Sklepie.<\/li>\n\n\n\n<li><strong>Formularz zam\u00f3wienia<\/strong>&nbsp;\u2013 interaktywny formularz dost\u0119pny w Sklepie umo\u017cliwiaj\u0105cy z\u0142o\u017cenie Zam\u00f3wienia oraz okre\u015blenie warunk\u00f3w Umowy Sprzeda\u017cy, w tym sposobu i adresu dostawy, danych do faktury, sposobu p\u0142atno\u015bci i inne.<\/li>\n\n\n\n<li><strong>Koszyk<\/strong>&nbsp;\u2013 element oprogramowania Sklepu, w kt\u00f3rym widoczne s\u0105 wybrane przez Klienta Produkty do zakupu, a tak\u017ce istnieje mo\u017cliwo\u015b\u0107 ustalenia i modyfikacji danych Zam\u00f3wienia, w szczeg\u00f3lno\u015bci ilo\u015bci produkt\u00f3w.<\/li>\n\n\n\n<li><strong>Regulamin<\/strong>&nbsp;\u2013 niniejszy regulamin Sklepu.<\/li>\n\n\n\n<li>Materia\u0142y u\u017cyte do zaprezentowania Produkt\u00f3w \u2013 zdj\u0119cia, opisy i inne s\u0105 cz\u0119\u015bci\u0105 Sklepu i stanowi\u0105 w\u0142asno\u015b\u0107 Sprzedawcy. S\u0105 chronione<strong>&nbsp;prawami autorskimi<\/strong>. Zabrania si\u0119 ich u\u017cywania w celach handlowych lub prezentacji w jakichkolwiek mediach.<\/li>\n\n\n\n<li>2. Z\u0142o\u017cenie Zam\u00f3wienia i realizacja Umowy sprzeda\u017cy<\/li>\n<\/ul>\n\n\n\n<ol class=\"wp-block-list\">\n<li>Klient dokonuje wyboru Produkt\u00f3w umieszczaj\u0105c je w Koszyku, a nast\u0119pnie przechodzi do z\u0142o\u017cenia Zam\u00f3wienia.<\/li>\n\n\n\n<li>Przed z\u0142o\u017ceniem zam\u00f3wienia Klient mo\u017ce si\u0119 zalogowa\u0107 na swoje Konto lub dokona\u0107 zakupu bez zalogowania.<\/li>\n\n\n\n<li>Z\u0142o\u017cenie Zam\u00f3wienia polega na wype\u0142nieniu Formularza zam\u00f3wienia.<\/li>\n\n\n\n<li>Klient wyra\u017ca wol\u0119 zawarcia Umowy sprzeda\u017cy poprzez naci\u015bni\u0119cie przycisku \u201eZamawiam i p\u0142ac\u0119\u201d<\/li>\n\n\n\n<li>Z\u0142o\u017cenie Zam\u00f3wienia nie jest jednoznaczne z zawarciem Umowy sprzeda\u017cy<\/li>\n\n\n\n<li>Zawarcie Umowy sprzeda\u017cy nast\u0119puje z chwil\u0105 przyj\u0119cia Zam\u00f3wienia do realizacji przez Sprzedawc\u0119, o czym informuje Klienta poprzez wiadomo\u015b\u0107 e-mail z potwierdzeniem dokonanego zakupu<\/li>\n\n\n\n<li>Realizacja zakupu rozpoczyna si\u0119 z chwil\u0105 zaksi\u0119gowania wp\u0142aty na rachunku bankowym Sprzedawcy<\/li>\n\n\n\n<li>Po zaksi\u0119gowaniu pierwszego zakupu, Serwis automatycznie rejestruje Klienta. Wysy\u0142a informacj\u0119 o Koncie w wiadomo\u015bci e-mail razem z has\u0142em do pierwszego logowania.<\/li>\n\n\n\n<li>Warunkiem niezb\u0119dnym do z\u0142o\u017cenia Zam\u00f3wienia jest prawid\u0142owe wype\u0142nienie formularza Zam\u00f3wienia. Zam\u00f3wienie z b\u0142\u0119dnie wype\u0142nionym formularzem mo\u017ce nie zosta\u0107 zrealizowane.<\/li>\n\n\n\n<li>W przypadku sprzeda\u017cy promocyjnej lub wyprzeda\u017cy liczba Produkt\u00f3w jest ograniczona. Zatem realizacja zam\u00f3wie\u0144 nast\u0119puje wed\u0142ug kolejno\u015bci wp\u0142ywania op\u0142aconych zam\u00f3wie\u0144 na te Produkty, a\u017c do wyczerpania si\u0119 zapas\u00f3w obj\u0119tych t\u0105 form\u0105 sprzeda\u017cy.<\/li>\n<\/ol>\n\n\n\n<ul class=\"wp-block-list\">\n<li>3. P\u0142atno\u015bci i dostawa<\/li>\n<\/ul>\n\n\n\n<ol class=\"wp-block-list\">\n<li>Ceny Produkt\u00f3w wyra\u017cone s\u0105 w polskich z\u0142otych i podane s\u0105 w warto\u015bciach brutto wraz z podatkiem VAT.<\/li>\n\n\n\n<li>W przypadku Produkt\u00f3w fizycznych ceny nie obejmuj\u0105 koszt\u00f3w przesy\u0142ek.<\/li>\n\n\n\n<li>Cena ka\u017cdego Produktu jest wi\u0105\u017c\u0105ca w chwili z\u0142o\u017cenia Zam\u00f3wienia przez Klienta. Sprzedawca ma prawo do przeprowadzania akcji promocyjnych lub innych powoduj\u0105cych zmiany cen Produkt\u00f3w. Nie ma to wp\u0142ywu na ceny produkt\u00f3w, kt\u00f3re zosta\u0142y zam\u00f3wione przed wej\u015bciem w \u017cycie zmiany cen.<\/li>\n\n\n\n<li>Do ka\u017cdego zakupu dokonanego przez Klienta do\u0142\u0105czany jest dow\u00f3d zakupu: paragon lub faktura VAT przesy\u0142any drog\u0105 elektroniczn\u0105. Na \u017c\u0105danie Klienta dow\u00f3d zakupu zostanie wys\u0142any w wersji papierowej.<\/li>\n\n\n\n<li>Klient dokonuje p\u0142atno\u015bci za zakupione Produkty poprzez przelew bankowy<\/li>\n\n\n\n<li>Realizacja Zam\u00f3wie\u0144 na produkty b\u0119d\u0105ce produktami elektronicznymi nast\u0119puje niezw\u0142ocznie po zaksi\u0119gowaniu wp\u0142aty na rachunku bankowym Sprzedawcy, do 24 godzin poprzez wysy\u0142k\u0119 Produktu.<\/li>\n\n\n\n<li>Realizacja zam\u00f3wie\u0144 na produkty b\u0119d\u0105ce rzeczami ruchomymi (rzeczywistymi) nast\u0119puje niezw\u0142ocznie po otrzymaniu p\u0142atno\u015bci, nie p\u00f3\u017aniej ni\u017c terminie podanym w warunkach oferty.<\/li>\n\n\n\n<li>Dostawa Produkt\u00f3w fizycznych nast\u0119puje w spos\u00f3b i w cenie wybranych przez Klienta w Zam\u00f3wieniu. Do czasu realizacji nale\u017cy doliczy\u0107 czas realizowany przez wybrane w Zam\u00f3wieniu firmy realizuj\u0105ce dostaw\u0119.<\/li>\n\n\n\n<li>Dostawa Produkt\u00f3w fizycznych odbywa si\u0119 wy\u0142\u0105cznie na terenie Polski.<\/li>\n\n\n\n<li>Realizacja zam\u00f3wie\u0144 na produkty b\u0119d\u0105ce us\u0142ug\u0105 szkoleniow\u0105 nast\u0119puje w terminie i na zasadach ustalonych dla tego konkretnego zam\u00f3wienia.<\/li>\n\n\n\n<li>Sprzedawca mo\u017ce odwo\u0142a\u0107 zaj\u0119cia lub odm\u00f3wi\u0107 ich przeprowadzenia, w szczeg\u00f3lno\u015bci, gdy jest to uzasadnione trudno\u015bciami organizacyjnymi, technicznymi lub brakiem wystarczaj\u0105cej liczby ch\u0119tnych. O fakcie oraz przyczynach odwo\u0142ania zaj\u0119\u0107 Sprzedawca poinformuje Klienta w najkr\u00f3tszym mo\u017cliwym terminie. W przypadku, gdy zaj\u0119cia nie odb\u0119d\u0105 si\u0119 w zaplanowanym terminie lub w przypadku braku miejsc w danym terminie, kwoty wp\u0142acone na poczet zaj\u0119\u0107 zostan\u0105 zwr\u00f3cone na wskazany przez Klienta rachunek bankowy w ci\u0105gu 7 dni roboczych od dnia otrzymania dyspozycji zwrotu pieni\u0119dzy.<\/li>\n<\/ol>\n\n\n\n<ul class=\"wp-block-list\">\n<li>4. Odst\u0105pienie od Umowy sprzeda\u017cy<\/li>\n<\/ul>\n\n\n\n<ol class=\"wp-block-list\">\n<li>Klient mo\u017ce w terminie 14 dni odst\u0105pi\u0107 od Umowy Sprzeda\u017cy bez podania jakiejkolwiek przyczyny.<\/li>\n\n\n\n<li>Bieg terminu okre\u015blonego w ust. 1 rozpoczyna si\u0119 od dostarczenia Produktu Klientowi lub wskazanej przez niego osobie innej ni\u017c przewo\u017anik.<\/li>\n\n\n\n<li>Klient mo\u017ce odst\u0105pi\u0107 od Umowy, sk\u0142adaj\u0105c Sprzedawcy o\u015bwiadczenie o odst\u0105pieniu od Umowy. Do zachowania terminu odst\u0105pienia od Umowy wystarczy wys\u0142anie przez Klienta o\u015bwiadczenia przed up\u0142ywem tego terminu, na adres siedziby Sprzedawcy lub na adres e-mail podany w Regulaminie.<\/li>\n\n\n\n<li>W przypadku odst\u0105pienia od Umowy sprzeda\u017cy zawartej na odleg\u0142o\u015b\u0107, umowa jest uwa\u017cana za niezawart\u0105.<\/li>\n\n\n\n<li>W razie odst\u0105pienia od zawartej Umowy sprzeda\u017cy dotycz\u0105cej Produktu b\u0119d\u0105cego rzecz\u0105 (fizycznego), Klient zobowi\u0105zany jest zwr\u00f3ci\u0107 Produkt najp\u00f3\u017aniej w terminie 14 dni od dnia, w kt\u00f3rym od umowy odst\u0105pi\u0142, na w\u0142asny koszt.<\/li>\n\n\n\n<li>Sprzedawca gwarantuje zwrot nale\u017cno\u015bci do 14 dni od otrzymania o\u015bwiadczenia o odst\u0105pieniu od umowy, na rachunek bankowy Klienta. Sprzedawca mo\u017ce wstrzyma\u0107 si\u0119 ze zwrotem nale\u017cno\u015bci do chwili fizycznego zwrotu Produktu.<\/li>\n\n\n\n<li>Prawo do odst\u0105pienia od umowy przys\u0142uguje r\u00f3wnie\u017c Klientom nabywaj\u0105cym Produkt b\u0119d\u0105cy rzecz\u0105 cyfrow\u0105 (elektroniczny) lub us\u0142ug\u0105, chyba \u017ce wyra\u017anie w opisie Produktu zastrze\u017cono inaczej, na co Klient wyrazi\u0142 wyra\u017an\u0105 zgod\u0119.<\/li>\n<\/ol>\n\n\n\n<ul class=\"wp-block-list\">\n<li>5. Wymogi techniczne<\/li>\n<\/ul>\n\n\n\n<ol class=\"wp-block-list\">\n<li>Do prawid\u0142owego korzystania z Serwisu niezb\u0119dny jest dost\u0119p do sieci Internet przy pomocy urz\u0105dzenia komputerowego stacjonarnego lub mobilnego (komputer, laptop, tablet, telefon) posiadaj\u0105cego jeden z nast\u0119puj\u0105cych system\u00f3w operacyjnych: Windows, Linux, MAC, Android, iOS, Windows Phone lub podobny oraz internetow\u0105 przegl\u0105dark\u0119 z w\u0142\u0105czon\u0105 opcj\u0105 akceptowania plik\u00f3w cookies oraz obs\u0142ug\u0105 JavaScript i protoko\u0142\u00f3w SSL i TLS. Specyfikacja przegl\u0105darki Firefox, Chrome, Opera, Internet Explorer 11+.<\/li>\n\n\n\n<li>Indywidualne ustawienia urz\u0105dzenia Klienta, przy pomocy kt\u00f3rego korzysta z Serwisu mog\u0105 powodowa\u0107 rozbie\u017cno\u015bci w wizualizacji Serwisu oraz umieszczonych w nim produkt\u00f3w.<\/li>\n\n\n\n<li>Do dokonania zakupu w Sklepie Klient potrzebuje aktywnego konta poczty elektronicznej<\/li>\n\n\n\n<li>Sklep wykorzystuje pliki cookies w celu zapewnienia bezpiecze\u0144stwa i wysokiego poziomu obs\u0142ugi Klient\u00f3w. Klient mo\u017ce w ka\u017cdej chwili samodzielnie zmieni\u0107 ustawienia dotycz\u0105ce plik\u00f3w cookies \u2013 okre\u015bli\u0107 warunki ich przechowywania i uzyskiwania dost\u0119pu przez pliki cookies do swojego urz\u0105dzenia, za pomoc\u0105 ustawie\u0144 przegl\u0105darki internetowej lub za pomoc\u0105 konfiguracji us\u0142ugi.<\/li>\n<\/ol>\n\n\n\n<ul class=\"wp-block-list\">\n<li>6. Reklamacje<\/li>\n<\/ul>\n\n\n\n<ol class=\"wp-block-list\">\n<li>Sprzedawca jest obowi\u0105zany dostarczy\u0107 Klientowi rzecz woln\u0105 od wad.<\/li>\n\n\n\n<li>W przypadku wyst\u0105pienia wady zakupionego u Sprzedawcy towaru Klient ma prawo do reklamacji w oparciu o przepisy dotycz\u0105ce r\u0119kojmi w kodeksie cywilnym.<\/li>\n\n\n\n<li>Reklamacj\u0119 nale\u017cy zg\u0142osi\u0107 pisemnie lub drog\u0105 elektroniczn\u0105 na podane w niniejszym Regulaminie adresy Sprzedawcy.<\/li>\n\n\n\n<li>Zaleca si\u0119, aby w reklamacji zawrze\u0107 m.in. zwi\u0119z\u0142y opis wady, okoliczno\u015bci (w tym dat\u0119) jej wyst\u0105pienia, dane Klienta sk\u0142adaj\u0105cego reklamacj\u0119, oraz \u017c\u0105danie Klienta w zwi\u0105zku z wad\u0105 towaru.<\/li>\n\n\n\n<li>Sprzedawca ustosunkuje si\u0119 do \u017c\u0105dania reklamacyjnego niezw\u0142ocznie, nie p\u00f3\u017aniej ni\u017c w terminie 14 dni, licz\u0105c od dnia otrzymania od Klienta reklamowanego produktu wraz z pismem reklamacyjnym.<\/li>\n\n\n\n<li>W przypadku uznania reklamacji Produkt uszkodzony zostanie naprawiony lub wymieniony na inny, pe\u0142nowarto\u015bciowy. Je\u017celi nie b\u0119dzie to mo\u017cliwe (na przyk\u0142ad z powodu wyczerpania zapas\u00f3w), Sprzedawca zwr\u00f3ci r\u00f3wnowarto\u015b\u0107 ceny Produktu lub obni\u017cy cen\u0119.<\/li>\n\n\n\n<li>Szczeg\u00f3\u0142owe informacje dotycz\u0105ce mo\u017cliwo\u015bci skorzystania przez Konsumenta z pozas\u0105dowych sposob\u00f3w rozpatrywania reklamacji i dochodzenia roszcze\u0144 oraz zasady dost\u0119pu do tych procedur dost\u0119pne s\u0105 w siedzibach oraz na stronach internetowych powiatowych (miejskich) Rzecznik\u00f3w konsument\u00f3w, organizacji spo\u0142ecznych, do kt\u00f3rych zada\u0144 statutowych nale\u017cy ochrona konsument\u00f3w, Wojew\u00f3dzkich Inspektorat\u00f3w Inspekcji Handlowej oraz pod nast\u0119puj\u0105cymi adresami internetowymi Urz\u0119du Ochrony Konkurencji i Konsument\u00f3w: http:\/\/www.uokik.gov.pl\/spory_konsumenckie.php; http:\/\/www.uokik.gov.pl\/sprawy_indywidualne.php oraz http:\/\/www.uokik.gov.pl\/wazne_adresy.php.<\/li>\n<\/ol>\n\n\n\n<ul class=\"wp-block-list\">\n<li>7. Dane osobowe i Polityka prywatno\u015bci<\/li>\n<\/ul>\n\n\n\n<ol class=\"wp-block-list\">\n<li>Dane osobowe s\u0105 zbierane i przetwarzane w celu realizacji umowy sprzeda\u017cy oraz zapewnienia dost\u0119pu do Produkt\u00f3w elektronicznych.<\/li>\n\n\n\n<li>Szczeg\u00f3\u0142owe zasady przetwarzania danych osobowych oraz wykorzystania plik\u00f3w cookies opisane s\u0105 w \u201ePolityce ochrony prywatno\u015bci AllnetGroup\u201d<\/li>\n<\/ol>\n\n\n\n<ul class=\"wp-block-list\">\n<li>8. Postanowienia ko\u0144cowe<\/li>\n<\/ul>\n\n\n\n<ol class=\"wp-block-list\">\n<li>Umowy zawierane poprzez Sklep internetowy zawierane s\u0105 w j\u0119zyku polskim.<\/li>\n\n\n\n<li>Sprzedawca zastrzega sobie prawo do dokonywania zmian Regulaminu z wa\u017cnych przyczyn to jest: zmiany przepis\u00f3w prawa, zmiany sposob\u00f3w p\u0142atno\u015bci i dostaw \u2013 w zakresie, w jakim te zmiany wp\u0142ywaj\u0105 na realizacj\u0119 postanowie\u0144 niniejszego Regulaminu. O ka\u017cdej zmianie Sprzedawca poinformuje Klienta z co najmniej 7 dniowym wyprzedzeniem.<\/li>\n\n\n\n<li>W sprawach nieuregulowanych w niniejszym Regulaminie maj\u0105 zastosowanie powszechnie obowi\u0105zuj\u0105ce przepisy prawa polskiego, w szczeg\u00f3lno\u015bci: Kodeksu cywilnego; Ustawy o \u015bwiadczeniu us\u0142ug drog\u0105 elektroniczn\u0105; Ustawy o prawach konsumenta, Ustawy o ochronie danych osobowych.<\/li>\n\n\n\n<li>Klient ma prawo skorzysta\u0107 z pozas\u0105dowych sposob\u00f3w rozpatrywania reklamacji i dochodzenia roszcze\u0144. W tym celu mo\u017ce z\u0142o\u017cy\u0107 skarg\u0119 za po\u015brednictwem unijnej platformy internetowej ODR dost\u0119pnej pod adresem: http:\/\/ec.europa.eu\/consumers\/odr\/<\/li>\n<\/ol>","protected":false},"excerpt":{"rendered":"<p>Dla AllnetGroup Niniejszy Regulamin okre\u015bla zasady korzystania z serwisu internetowego AllnetGroup.pl oraz okre\u015bla polityk\u0119 zabezpieczaj\u0105c\u0105 prawa Klient\u00f3w Serwisu dotycz\u0105ce zbierania i przechowywania danych.<\/p>","protected":false},"author":1,"featured_media":0,"parent":0,"menu_order":8,"comment_status":"closed","ping_status":"closed","template":"","meta":{"_acf_changed":false,"content-type":"","footnotes":""},"class_list":["post-354","page","type-page","status-publish","hentry"],"acf":[],"_links":{"self":[{"href":"https:\/\/soccloud.io\/en\/wp-json\/wp\/v2\/pages\/354","targetHints":{"allow":["GET"]}}],"collection":[{"href":"https:\/\/soccloud.io\/en\/wp-json\/wp\/v2\/pages"}],"about":[{"href":"https:\/\/soccloud.io\/en\/wp-json\/wp\/v2\/types\/page"}],"author":[{"embeddable":true,"href":"https:\/\/soccloud.io\/en\/wp-json\/wp\/v2\/users\/1"}],"replies":[{"embeddable":true,"href":"https:\/\/soccloud.io\/en\/wp-json\/wp\/v2\/comments?post=354"}],"version-history":[{"count":1,"href":"https:\/\/soccloud.io\/en\/wp-json\/wp\/v2\/pages\/354\/revisions"}],"predecessor-version":[{"id":355,"href":"https:\/\/soccloud.io\/en\/wp-json\/wp\/v2\/pages\/354\/revisions\/355"}],"wp:attachment":[{"href":"https:\/\/soccloud.io\/en\/wp-json\/wp\/v2\/media?parent=354"}],"curies":[{"name":"wp","href":"https:\/\/api.w.org\/{rel}","templated":true}]}}