{"id":491,"date":"2024-09-09T12:51:54","date_gmt":"2024-09-09T12:51:54","guid":{"rendered":"https:\/\/soccloud.io\/?page_id=491"},"modified":"2024-09-09T17:48:25","modified_gmt":"2024-09-09T17:48:25","slug":"zostan-partnerem","status":"publish","type":"page","link":"https:\/\/soccloud.io\/en\/zostan-partnerem\/","title":{"rendered":"Zosta\u0144 partnerem"},"content":{"rendered":"<div data-elementor-type=\"wp-page\" data-elementor-id=\"491\" class=\"elementor elementor-491\" data-elementor-post-type=\"page\">\n\t\t\t\t<div class=\"elementor-element elementor-element-591ce6a3 e-flex e-con-boxed e-con e-parent\" data-id=\"591ce6a3\" data-element_type=\"container\" data-e-type=\"container\">\n\t\t\t\t\t<div class=\"e-con-inner\">\n\t\t\t\t<div class=\"elementor-element elementor-element-2a48a667 elementor-widget elementor-widget-text-editor\" data-id=\"2a48a667\" data-element_type=\"widget\" data-e-type=\"widget\" data-widget_type=\"text-editor.default\">\n\t\t\t\t<div class=\"elementor-widget-container\">\n\t\t\t\t\t\t\t\t\t\n<p>Rozszerz swoj\u0105 ofert\u0119 o SOC as a Service i zapewnij klientom najwy\u017cszy poziom cyberbezpiecze\u0144stwa<\/p>\n\n\n\n<h2 class=\"wp-block-heading\" id=\"bh-0aUu-AVKaX2bNBXEw2GqY\">Rozszerz swoj\u0105 ofert\u0119 o SOC as a Service i zapewnij klientom najwy\u017cszy poziom cyberbezpiecze\u0144stwa<\/h2>\n\n\n\n<p id=\"bh-DVm1EqjA-nbaVHiGwiasB\">W dzisiejszym cyfrowym \u015bwiecie, gdzie cyberzagro\u017cenia ewoluuj\u0105 z zawrotn\u0105 pr\u0119dko\u015bci\u0105, Twoi klienci potrzebuj\u0105 wi\u0119cej ni\u017c tylko podstawowej ochrony. Czy wiesz, \u017ce w 2024 roku a\u017c 59% organizacji pad\u0142o ofiar\u0105 atak\u00f3w ransomware? Cyberprzest\u0119pcy nie \u015bpi\u0105, atakuj\u0105c co 39 sekund, a ich metody staj\u0105 si\u0119 coraz bardziej wyrafinowane. Tradycyjne rozwi\u0105zania bezpiecze\u0144stwa ju\u017c nie wystarczaj\u0105. Twoi klienci potrzebuj\u0105 czego\u015b wi\u0119cej &#8211; potrzebuj\u0105 SOCcloud.<\/p>\n\n\n\n<h2 class=\"wp-block-heading\" id=\"bh-5YzO66wGRDep0Aom0URO9\"> SocCloud &#8211; SOC as a Service<\/h2>\n\n\n\n<p id=\"bh-ZqVobOpREuHkVAsjwo9oB\">SOCcloud to zaawansowane rozwi\u0105zanie SOC as a Service, kt\u00f3re pozwoli Ci zapewni\u0107 klientom najwy\u017cszy poziom cyberbezpiecze\u0144stwa, jednocze\u015bnie rozszerzaj\u0105c Twoj\u0105 ofert\u0119 i zwi\u0119kszaj\u0105c przychody. Oto, co oferuje SOCcloud:<\/p>\n\n\n\n<ol class=\"wp-block-list\" id=\"bh-Wo01BPNh1ZhD9Nj7kjVj9\">\n<li><strong>Ca\u0142odobowa ochrona<\/strong>: Zesp\u00f3\u0142 ekspert\u00f3w monitoruje systemy klient\u00f3w 24\/7\/365, zapewniaj\u0105c natychmiastow\u0105 reakcj\u0119 na potencjalne zagro\u017cenia.<\/li>\n\n\n\n<li><strong>Integracja z popularnymi us\u0142ugami chmurowymi<\/strong>: SOCcloud doskonale wsp\u00f3\u0142pracuje z Microsoft 365, Azure i innymi popularnymi platformami chmurowymi, zapewniaj\u0105c dodatkow\u0105 warstw\u0119 ochrony.<\/li>\n\n\n\n<li><strong>Zaawansowana analityka<\/strong>: Wykorzystujemy sztuczn\u0105 inteligencj\u0119 i uczenie maszynowe do wykrywania nawet najbardziej subtelnych oznak zagro\u017cenia.<\/li>\n\n\n\n<li><strong>Automatyzacja reakcji<\/strong>: Szybka i skuteczna neutralizacja wi\u0119kszo\u015bci zagro\u017ce\u0144 bez konieczno\u015bci interwencji cz\u0142owieka.<\/li>\n\n\n\n<li><strong>Zgodno\u015b\u0107 z regulacjami<\/strong>: Pomaga klientom w spe\u0142nieniu wymog\u00f3w r\u00f3\u017cnych standard\u00f3w bezpiecze\u0144stwa i prywatno\u015bci.<\/li>\n<\/ol>\n\n\n\n<figure class=\"wp-block-image size-large\"><img fetchpriority=\"high\" decoding=\"async\" width=\"1024\" height=\"807\" src=\"https:\/\/soccloud.io\/wp-content\/uploads\/2024\/09\/socofer-1024x807.png\" alt=\"\" class=\"wp-image-499\" srcset=\"https:\/\/soccloud.io\/wp-content\/uploads\/2024\/09\/socofer-1024x807.png 1024w, https:\/\/soccloud.io\/wp-content\/uploads\/2024\/09\/socofer-300x237.png 300w, https:\/\/soccloud.io\/wp-content\/uploads\/2024\/09\/socofer-768x606.png 768w, https:\/\/soccloud.io\/wp-content\/uploads\/2024\/09\/socofer-15x12.png 15w, https:\/\/soccloud.io\/wp-content\/uploads\/2024\/09\/socofer.png 1248w\" sizes=\"(max-width: 1024px) 100vw, 1024px\" \/><\/figure>\n\n\n\n<h2 class=\"wp-block-heading\" id=\"bh-pHwjqXSODlMVr1MLMlaP6\">Korzy\u015bci dla partnera<\/h2>\n\n\n\n<ol class=\"wp-block-list\" id=\"bh-oNI8F1YBiXOQyhQQOIbQx\">\n<li><strong>Rozszerzenie oferty<\/strong>: Dodajesz do swojego portfolio zaawansowane us\u0142ugi cyberbezpiecze\u0144stwa, co zwi\u0119ksza Twoj\u0105 konkurencyjno\u015b\u0107 na rynku.<\/li>\n\n\n\n<li><strong>Zwi\u0119kszenie przychod\u00f3w<\/strong>: SOCcloud to nie tylko jednorazowa sprzeda\u017c, ale sta\u0142y strumie\u0144 przychod\u00f3w z us\u0142ug subskrypcyjnych.<\/li>\n\n\n\n<li><strong>Warto\u015b\u0107 dodana dla klient\u00f3w<\/strong>: Oferujesz klientom kompleksow\u0105 ochron\u0119, wykraczaj\u0105c\u0105 poza standardowe zabezpieczenia chmurowe.<\/li>\n\n\n\n<li><strong>Oszcz\u0119dno\u015b\u0107 zasob\u00f3w<\/strong>: Nie musisz inwestowa\u0107 w budow\u0119 w\u0142asnego SOC &#8211; my dostarczamy infrastruktur\u0119 i ekspertyz\u0119.<\/li>\n\n\n\n<li><strong>Elastyczno\u015b\u0107<\/strong>: SOCcloud mo\u017cna \u0142atwo dostosowa\u0107 do potrzeb r\u00f3\u017cnych klient\u00f3w, od ma\u0142ych firm po du\u017ce korporacje.<\/li>\n\n\n\n<li><strong>Wsparcie ekspert\u00f3w<\/strong>: Nasz zesp\u00f3\u0142 jest zawsze gotowy, by wspiera\u0107 Ciebie i Twoich klient\u00f3w w kwestiach cyberbezpiecze\u0144stwa.<\/li>\n<\/ol>\n\n\n\n<h2 class=\"wp-block-heading\" id=\"bh-WAaX57mk-zHiE2lPhiBJ1\">Twoi klienci zyskuj\u0105:<\/h2>\n\n\n\n<ol class=\"wp-block-list\" id=\"bh-NOptJpSIBCg0l4fC7Ggak\">\n<li><strong>Spok\u00f3j ducha<\/strong>: Wiedz\u0105c, \u017ce ich systemy s\u0105 monitorowane 24\/7 przez ekspert\u00f3w cyberbezpiecze\u0144stwa.<\/li>\n\n\n\n<li><strong>Ochron\u0119 inwestycji<\/strong>: Dodatkowa warstwa bezpiecze\u0144stwa dla ich infrastruktury chmurowej, takiej jak Microsoft 365 czy Azure.<\/li>\n\n\n\n<li><strong>Zgodno\u015b\u0107 z przepisami<\/strong>: Pomoc w spe\u0142nieniu wymog\u00f3w regulacyjnych dotycz\u0105cych bezpiecze\u0144stwa danych.<\/li>\n\n\n\n<li><strong>Oszcz\u0119dno\u015b\u0107 koszt\u00f3w<\/strong>: Brak potrzeby inwestowania w wewn\u0119trzny zesp\u00f3\u0142 SOC.<\/li>\n\n\n\n<li><strong>Szybk\u0105 reakcj\u0119<\/strong>: Natychmiastowa odpowied\u017a na potencjalne zagro\u017cenia, minimalizuj\u0105ca ryzyko powa\u017cnych incydent\u00f3w.<\/li>\n<\/ol>\n\n\n\n<p id=\"bh-dVQq63u_cZam-73sbWjGy\">W obecnej sytuacji geopolitycznej, gdzie cyberbezpiecze\u0144stwo staje si\u0119 kluczowym elementem strategii ka\u017cdej organizacji, oferowanie SOCcloud to nie tylko biznesowa okazja, ale tak\u017ce odpowied\u017a na realne potrzeby rynku. Pomagasz swoim klientom chroni\u0107 si\u0119 przed zagro\u017ceniami jutra, jednocze\u015bnie buduj\u0105c siln\u0105, d\u0142ugoterminow\u0105 relacj\u0119 opart\u0105 na zaufaniu i ekspertyzie.<\/p>\n\n\n\n<figure class=\"wp-block-image size-large\"><img decoding=\"async\" width=\"1024\" height=\"492\" src=\"https:\/\/soccloud.io\/wp-content\/uploads\/2024\/09\/Socfilary-1024x492.png\" alt=\"\" class=\"wp-image-500\" srcset=\"https:\/\/soccloud.io\/wp-content\/uploads\/2024\/09\/Socfilary-1024x492.png 1024w, https:\/\/soccloud.io\/wp-content\/uploads\/2024\/09\/Socfilary-300x144.png 300w, https:\/\/soccloud.io\/wp-content\/uploads\/2024\/09\/Socfilary-768x369.png 768w, https:\/\/soccloud.io\/wp-content\/uploads\/2024\/09\/Socfilary-18x9.png 18w, https:\/\/soccloud.io\/wp-content\/uploads\/2024\/09\/Socfilary.png 1252w\" sizes=\"(max-width: 1024px) 100vw, 1024px\" \/><\/figure>\n\n\n\n<p id=\"bh-dTRMPNBWB0D2uf6jHTX8R\">Nie czekaj, a\u017c Twoi konkurenci wyprzedz\u0105 Ci\u0119 w oferowaniu zaawansowanych us\u0142ug cyberbezpiecze\u0144stwa. Oto co mo\u017cesz zrobi\u0107 ju\u017c teraz:<\/p>\n\n\n\n<ol class=\"wp-block-list\" id=\"bh-nkg1WSD_esqNiwlxGHCNb\">\n<li><strong>Um\u00f3w si\u0119 na prezentacj\u0119<\/strong>: Skontaktuj si\u0119 z nami, aby um\u00f3wi\u0107 si\u0119 na szczeg\u00f3\u0142ow\u0105 prezentacj\u0119 mo\u017cliwo\u015bci SOCcloud.<\/li>\n\n\n\n<li><strong>Rozpocznij okres pr\u00f3bny<\/strong>: Przetestuj SOCcloud na w\u0142asnej infrastrukturze lub infrastrukturze wybranego klienta.<\/li>\n\n\n\n<li><strong>Przygotuj si\u0119 do sprzeda\u017cy<\/strong>: Skorzystaj z naszych materia\u0142\u00f3w marketingowych i szkole\u0144, aby skutecznie prezentowa\u0107 SOCcloud swoim klientom.<\/li>\n\n\n\n<li><strong>Zacznij oferowa\u0107 SOCcloud<\/strong>: W\u0142\u0105cz SOCcloud do swojej oferty i zacznij chroni\u0107 swoich klient\u00f3w na najwy\u017cszym poziomie.<\/li>\n\n\n\n<li><strong>Rozwijaj si\u0119 z nami<\/strong>: Korzystaj z naszego ci\u0105g\u0142ego wsparcia i aktualizacji, aby zawsze by\u0107 o krok przed cyberprzest\u0119pcami.<\/li>\n<\/ol>\n\n\n\n<p id=\"bh-iaz9pTaDcM8rsBbKyxMLo\">Do\u0142\u0105cz do grona partner\u00f3w SOCcloud ju\u017c dzi\u015b i sta\u0144 si\u0119 liderem w dziedzinie cyberbezpiecze\u0144stwa na swoim rynku. Razem mo\u017cemy zapewni\u0107 Twoim klientom najwy\u017cszy poziom ochrony, jednocze\u015bnie rozwijaj\u0105c Tw\u00f3j biznes. Skontaktuj si\u0119 z nami ju\u017c teraz, aby dowiedzie\u0107 si\u0119 wi\u0119cej o programie partnerskim SOCcloud i rozpocz\u0105\u0107 swoj\u0105 drog\u0119 do sukcesu w \u015bwiecie zaawansowanych us\u0142ug cyberbezpiecze\u0144stwa.<\/p>\n\t\t\t\t\t\t\t\t<\/div>\n\t\t\t\t<\/div>\n\t\t\t\t\t<\/div>\n\t\t\t\t<\/div>\n\t\t\t\t<\/div>","protected":false},"excerpt":{"rendered":"<p>Rozszerz swoj\u0105 ofert\u0119 o SOC as a Service i zapewnij klientom najwy\u017cszy poziom cyberbezpiecze\u0144stwa Rozszerz swoj\u0105 ofert\u0119 o SOC as a Service i zapewnij klientom najwy\u017cszy poziom cyberbezpiecze\u0144stwa W dzisiejszym cyfrowym \u015bwiecie, gdzie cyberzagro\u017cenia ewoluuj\u0105 z zawrotn\u0105 pr\u0119dko\u015bci\u0105, Twoi klienci potrzebuj\u0105 wi\u0119cej ni\u017c tylko podstawowej ochrony. Czy wiesz, \u017ce w 2024 roku a\u017c 59% organizacji [&hellip;]<\/p>\n","protected":false},"author":1,"featured_media":0,"parent":0,"menu_order":4,"comment_status":"closed","ping_status":"closed","template":"elementor_theme","meta":{"_acf_changed":false,"content-type":"","footnotes":""},"class_list":["post-491","page","type-page","status-publish","hentry"],"acf":[],"_links":{"self":[{"href":"https:\/\/soccloud.io\/en\/wp-json\/wp\/v2\/pages\/491","targetHints":{"allow":["GET"]}}],"collection":[{"href":"https:\/\/soccloud.io\/en\/wp-json\/wp\/v2\/pages"}],"about":[{"href":"https:\/\/soccloud.io\/en\/wp-json\/wp\/v2\/types\/page"}],"author":[{"embeddable":true,"href":"https:\/\/soccloud.io\/en\/wp-json\/wp\/v2\/users\/1"}],"replies":[{"embeddable":true,"href":"https:\/\/soccloud.io\/en\/wp-json\/wp\/v2\/comments?post=491"}],"version-history":[{"count":9,"href":"https:\/\/soccloud.io\/en\/wp-json\/wp\/v2\/pages\/491\/revisions"}],"predecessor-version":[{"id":567,"href":"https:\/\/soccloud.io\/en\/wp-json\/wp\/v2\/pages\/491\/revisions\/567"}],"wp:attachment":[{"href":"https:\/\/soccloud.io\/en\/wp-json\/wp\/v2\/media?parent=491"}],"curies":[{"name":"wp","href":"https:\/\/api.w.org\/{rel}","templated":true}]}}