{"id":527,"date":"2024-09-09T17:07:36","date_gmt":"2024-09-09T17:07:36","guid":{"rendered":"https:\/\/soccloud.io\/?page_id=527"},"modified":"2024-10-31T12:32:52","modified_gmt":"2024-10-31T12:32:52","slug":"dziekujemy","status":"publish","type":"page","link":"https:\/\/soccloud.io\/en\/dziekujemy\/","title":{"rendered":"Dzi\u0119kujemy!!!"},"content":{"rendered":"<div data-elementor-type=\"wp-page\" data-elementor-id=\"527\" class=\"elementor elementor-527\" data-elementor-post-type=\"page\">\n\t\t\t\t<div class=\"elementor-element elementor-element-423da29c e-flex e-con-boxed e-con e-parent\" data-id=\"423da29c\" data-element_type=\"container\" data-e-type=\"container\">\n\t\t\t\t\t<div class=\"e-con-inner\">\n\t\t\t\t<div class=\"elementor-element elementor-element-1a1d81a elementor-widget elementor-widget-heading\" data-id=\"1a1d81a\" data-element_type=\"widget\" data-e-type=\"widget\" data-widget_type=\"heading.default\">\n\t\t\t\t<div class=\"elementor-widget-container\">\n\t\t\t\t\t<h2 class=\"elementor-heading-title elementor-size-default\">Dzi\u0119kujemy<\/h2>\t\t\t\t<\/div>\n\t\t\t\t<\/div>\n\t\t\t\t<div class=\"elementor-element elementor-element-7dd0e7e7 elementor-widget elementor-widget-text-editor\" data-id=\"7dd0e7e7\" data-element_type=\"widget\" data-e-type=\"widget\" data-widget_type=\"text-editor.default\">\n\t\t\t\t<div class=\"elementor-widget-container\">\n\t\t\t\t\t\t\t\t\t\n<p>Dzi\u0119kujemy za wype\u0142nienie formularza. Na podstawie podanych przez Ciebie informacji przygotujemy spersonalizowan\u0105 ofert\u0119 dostosowan\u0105 do potrzeb Twojej organizacji.<\/p>\n\n<p><strong>Co dalej?<\/strong><\/p>\n\n<ol class=\"wp-block-list\">\n<li>W ci\u0105gu najbli\u017cszych 24 godzin otrzymasz na podany adres e-mail wst\u0119pn\u0105 wycen\u0119 oraz podsumowanie kluczowych informacji.<\/li>\n\n<li>Nasz zesp\u00f3\u0142 ekspert\u00f3w dok\u0142adnie przeanalizuje Twoje potrzeby i przygotuje szczeg\u00f3\u0142ow\u0105 ofert\u0119.<\/li>\n\n<li>W ci\u0105gu 2-3 dni roboczych skontaktuje si\u0119 z Tob\u0105 nasz specjalista, aby om\u00f3wi\u0107 szczeg\u00f3\u0142y i odpowiedzie\u0107 na wszystkie pytania.<\/li>\n\n<li>Na Tw\u00f3j adres e-mail wy\u015blemy kompleksow\u0105 ofert\u0119 uwzgl\u0119dniaj\u0105c\u0105 wszystkie aspekty wdro\u017cenia i utrzymania SOC dla Twojej organizacji.<\/li>\n<\/ol>\n\n<p>Je\u015bli masz jakiekolwiek pytania w mi\u0119dzyczasie, prosimy o kontakt pod adresem:<\/p>\n\n<p>soccloud@allnetgroup.pl<\/p>\n\t\t\t\t\t\t\t\t<\/div>\n\t\t\t\t<\/div>\n\t\t\t\t\t<\/div>\n\t\t\t\t<\/div>\n\t\t\t\t<\/div>","protected":false},"excerpt":{"rendered":"<p>Dzi\u0119kujemy Dzi\u0119kujemy za wype\u0142nienie formularza. Na podstawie podanych przez Ciebie informacji przygotujemy spersonalizowan\u0105 ofert\u0119 dostosowan\u0105 do potrzeb Twojej organizacji. Co dalej? Je\u015bli masz jakiekolwiek pytania w mi\u0119dzyczasie, prosimy o kontakt pod adresem: soccloud@allnetgroup.pl<\/p>","protected":false},"author":1,"featured_media":0,"parent":0,"menu_order":5,"comment_status":"closed","ping_status":"closed","template":"elementor_theme","meta":{"_acf_changed":false,"content-type":"","footnotes":""},"class_list":["post-527","page","type-page","status-publish","hentry"],"acf":[],"_links":{"self":[{"href":"https:\/\/soccloud.io\/en\/wp-json\/wp\/v2\/pages\/527","targetHints":{"allow":["GET"]}}],"collection":[{"href":"https:\/\/soccloud.io\/en\/wp-json\/wp\/v2\/pages"}],"about":[{"href":"https:\/\/soccloud.io\/en\/wp-json\/wp\/v2\/types\/page"}],"author":[{"embeddable":true,"href":"https:\/\/soccloud.io\/en\/wp-json\/wp\/v2\/users\/1"}],"replies":[{"embeddable":true,"href":"https:\/\/soccloud.io\/en\/wp-json\/wp\/v2\/comments?post=527"}],"version-history":[{"count":10,"href":"https:\/\/soccloud.io\/en\/wp-json\/wp\/v2\/pages\/527\/revisions"}],"predecessor-version":[{"id":1027,"href":"https:\/\/soccloud.io\/en\/wp-json\/wp\/v2\/pages\/527\/revisions\/1027"}],"wp:attachment":[{"href":"https:\/\/soccloud.io\/en\/wp-json\/wp\/v2\/media?parent=527"}],"curies":[{"name":"wp","href":"https:\/\/api.w.org\/{rel}","templated":true}]}}